{"id":8037,"date":"2026-02-28T16:48:09","date_gmt":"2026-02-28T15:48:09","guid":{"rendered":"https:\/\/grevy.art\/?post_type=product&#038;p=8037"},"modified":"2026-02-28T17:03:59","modified_gmt":"2026-02-28T16:03:59","slug":"1750-ohne-titel","status":"publish","type":"product","link":"https:\/\/grevy.art\/en\/kunstwerke\/painting\/1750-ohne-titel\/","title":{"rendered":"#1750 ohne Titel"},"content":{"rendered":"<p>Warm und freundlich wirken die dominierenden Gr\u00fcn- und Gelbt\u00f6ne. Kraftvoll gesetzten und doch in den Tonwerten fein differenziert beleben die Pinselstriche die Bildfl\u00e4che. Es entsteht eine vielleicht fr\u00fchlingshafte Vorstellung von Raum und Licht, wie man sich das etwa auf einer Wiese oder unter B\u00e4umen finden mag. Durch die deutliche Struktur der Malerei entsteht eine Spannung, die das eigentlich sehr stille Motiv lebendig und abwechslungsreich macht.<br \/>\nDie Arbeit auf einem plastischen Holzk\u00f6rper von 5 cm St\u00e4rke f\u00fchrt zu einer ungew\u00f6hnlichen Pr\u00e4senz des Bildtr\u00e4gers. Er l\u00e4dt somit nicht nur in ein gedachtes Bildfenster ein, wie dies die klassische Malerei macht, sondern formuliert deutlich die Gegenwart von Material und das Bewusstsein von etwas Gemachtem. Die Bemalung des Bildtr\u00e4gers auch von den Seiten l\u00e4sst die Bildtr\u00e4ger zu eigenest\u00e4ndigen Objekten im Raum des Betrachters werden. Man meint, man k\u00f6nne das Gesehen wie in einem Glask\u00f6rper von allen Seiten sehen und sieht doch nur Farbe, nur Pinselspur und damit das eigentlich, was die Malerei ausmacht. So erleben wir den Prozess des Sehens als Aktivit\u00e4t, als Interaktion mit der Kunst.<br \/>\nDie typische Gestaltungsweise des K\u00fcnstlers, seine Bilder in mehreren Fl\u00e4chen auf Abstand zueinander zu gestalten (der englische Begriff des \u201emultipanel paintings\u201c trifft das Vorgehen gut) findet sich auch hier wieder. So entstehen in seinen Bildern immer wieder ungew\u00f6hnliche und spannende Kompositionen.<\/p>\n","protected":false},"excerpt":{"rendered":"<p>Spannungsvoll leuchten die Farben \u00a0und bewegen sich scheinbar \u00fcber den plastischen Holzk\u00f6rper des Bildtr\u00e4gers. Von vorne wie von den Seiten bemalt sehen wir bewegten Formen, die den Eindruck von Bewuchs in einer Landschaftsszene wecken.<\/p>\n","protected":false},"featured_media":8038,"comment_status":"open","ping_status":"closed","template":"","meta":{"_acf_changed":false},"ausgestaltungen":[74],"farbigkeit":[241,58,59],"material":[212,219],"motiv":[173,177,178,543],"product_brand":[],"product_cat":[18],"product_tag":[352,140,353,143],"class_list":{"0":"post-8037","1":"product","2":"type-product","3":"status-publish","4":"has-post-thumbnail","6":"ausgestaltungen-original","7":"farbigkeit-erdfarben","8":"farbigkeit-gelb","9":"farbigkeit-gruen","10":"material-acryl","11":"material-holz","12":"motiv-abstrakt","13":"motiv-gegenstaendlich","14":"motiv-natur-und-tiere","15":"motiv-wiese","16":"product_cat-malerei","17":"product_tag-fruehling","18":"product_tag-natur","19":"product_tag-pflanzen","20":"product_tag-sonne","22":"first","23":"instock","24":"featured","25":"taxable","26":"shipping-taxable","27":"purchasable","28":"product-type-simple"},"acf":[],"aioseo_notices":[],"_links":{"self":[{"href":"https:\/\/grevy.art\/en\/wp-json\/wp\/v2\/product\/8037","targetHints":{"allow":["GET"]}}],"collection":[{"href":"https:\/\/grevy.art\/en\/wp-json\/wp\/v2\/product"}],"about":[{"href":"https:\/\/grevy.art\/en\/wp-json\/wp\/v2\/types\/product"}],"replies":[{"embeddable":true,"href":"https:\/\/grevy.art\/en\/wp-json\/wp\/v2\/comments?post=8037"}],"wp:featuredmedia":[{"embeddable":true,"href":"https:\/\/grevy.art\/en\/wp-json\/wp\/v2\/media\/8038"}],"wp:attachment":[{"href":"https:\/\/grevy.art\/en\/wp-json\/wp\/v2\/media?parent=8037"}],"wp:term":[{"taxonomy":"ausgestaltungen","embeddable":true,"href":"https:\/\/grevy.art\/en\/wp-json\/wp\/v2\/ausgestaltungen?post=8037"},{"taxonomy":"farbigkeit","embeddable":true,"href":"https:\/\/grevy.art\/en\/wp-json\/wp\/v2\/farbigkeit?post=8037"},{"taxonomy":"material","embeddable":true,"href":"https:\/\/grevy.art\/en\/wp-json\/wp\/v2\/material?post=8037"},{"taxonomy":"motiv","embeddable":true,"href":"https:\/\/grevy.art\/en\/wp-json\/wp\/v2\/motiv?post=8037"},{"taxonomy":"product_brand","embeddable":true,"href":"https:\/\/grevy.art\/en\/wp-json\/wp\/v2\/product_brand?post=8037"},{"taxonomy":"product_cat","embeddable":true,"href":"https:\/\/grevy.art\/en\/wp-json\/wp\/v2\/product_cat?post=8037"},{"taxonomy":"product_tag","embeddable":true,"href":"https:\/\/grevy.art\/en\/wp-json\/wp\/v2\/product_tag?post=8037"}],"curies":[{"name":"wp","href":"https:\/\/api.w.org\/{rel}","templated":true}]}}