{"id":8044,"date":"2026-02-28T17:05:33","date_gmt":"2026-02-28T16:05:33","guid":{"rendered":"https:\/\/grevy.art\/?post_type=product&#038;p=8044"},"modified":"2026-02-28T17:57:32","modified_gmt":"2026-02-28T16:57:32","slug":"1725-ohne-titel","status":"publish","type":"product","link":"https:\/\/grevy.art\/en\/kunstwerke\/painting\/1725-ohne-titel\/","title":{"rendered":"#1725 ohne Titel"},"content":{"rendered":"<p>In der typischen Handschrift des K\u00fcnstlers zeigt dieses Werk in seiner Aufteilung mit den markanten Abst\u00e4nden eine weite, von Licht durchzogene Felslandschaft. Die schmalen Bildfelder greifen unterschiedliche Perspektiven derselben Szenerie auf und verbinden Himmel, Wasser und Felsformationen zu einem ruhigen, beinahe meditativen Gesamtklang. K\u00fchle Blaut\u00f6ne treffen auf warme Ockerakzente und schaffen eine spannungsvolle Balance. \u00a0Die Aufteilung in Bildfelder l\u00e4sst uns bewusst werden, wie unsere Wahrnehmung Informationen zu einem Ganzen zusammensetzt.<\/p>\n<p>Die Acrylmalerei auf 4 cm starker Leinwand verleiht dem Bild Objektcharakter und unterstreicht Pr\u00e4senz und Tiefe.<\/p>\n","protected":false},"excerpt":{"rendered":"<p>Eine sonnenbeschienene Landschaft l\u00e4dt uns ein, dem Blick in die Tiefe wandern zu lassen. Die markante Gliederung durch die streifenartigen Bildfl\u00e4chen bremst den Blick und sch\u00e4rft unsere Wahrnehmung.<\/p>\n","protected":false},"featured_media":8045,"comment_status":"open","ping_status":"closed","template":"","meta":{"_acf_changed":false},"ausgestaltungen":[74],"farbigkeit":[57,68,241,58],"material":[212,217],"motiv":[186,177,184,178],"product_brand":[],"product_cat":[18],"product_tag":[342,140,143,315,144,631],"class_list":{"0":"post-8044","1":"product","2":"type-product","3":"status-publish","4":"has-post-thumbnail","6":"ausgestaltungen-original","7":"farbigkeit-blau","8":"farbigkeit-braun","9":"farbigkeit-erdfarben","10":"farbigkeit-gelb","11":"material-acryl","12":"material-leinwand","13":"motiv-elemente","14":"motiv-gegenstaendlich","15":"motiv-landschaft","16":"motiv-natur-und-tiere","17":"product_cat-malerei","18":"product_tag-landschaft","19":"product_tag-natur","20":"product_tag-sonne","21":"product_tag-steine","22":"product_tag-stille","23":"product_tag-weite","25":"first","26":"instock","27":"taxable","28":"shipping-taxable","29":"purchasable","30":"product-type-simple"},"acf":[],"aioseo_notices":[],"_links":{"self":[{"href":"https:\/\/grevy.art\/en\/wp-json\/wp\/v2\/product\/8044","targetHints":{"allow":["GET"]}}],"collection":[{"href":"https:\/\/grevy.art\/en\/wp-json\/wp\/v2\/product"}],"about":[{"href":"https:\/\/grevy.art\/en\/wp-json\/wp\/v2\/types\/product"}],"replies":[{"embeddable":true,"href":"https:\/\/grevy.art\/en\/wp-json\/wp\/v2\/comments?post=8044"}],"wp:featuredmedia":[{"embeddable":true,"href":"https:\/\/grevy.art\/en\/wp-json\/wp\/v2\/media\/8045"}],"wp:attachment":[{"href":"https:\/\/grevy.art\/en\/wp-json\/wp\/v2\/media?parent=8044"}],"wp:term":[{"taxonomy":"ausgestaltungen","embeddable":true,"href":"https:\/\/grevy.art\/en\/wp-json\/wp\/v2\/ausgestaltungen?post=8044"},{"taxonomy":"farbigkeit","embeddable":true,"href":"https:\/\/grevy.art\/en\/wp-json\/wp\/v2\/farbigkeit?post=8044"},{"taxonomy":"material","embeddable":true,"href":"https:\/\/grevy.art\/en\/wp-json\/wp\/v2\/material?post=8044"},{"taxonomy":"motiv","embeddable":true,"href":"https:\/\/grevy.art\/en\/wp-json\/wp\/v2\/motiv?post=8044"},{"taxonomy":"product_brand","embeddable":true,"href":"https:\/\/grevy.art\/en\/wp-json\/wp\/v2\/product_brand?post=8044"},{"taxonomy":"product_cat","embeddable":true,"href":"https:\/\/grevy.art\/en\/wp-json\/wp\/v2\/product_cat?post=8044"},{"taxonomy":"product_tag","embeddable":true,"href":"https:\/\/grevy.art\/en\/wp-json\/wp\/v2\/product_tag?post=8044"}],"curies":[{"name":"wp","href":"https:\/\/api.w.org\/{rel}","templated":true}]}}