{"id":8159,"date":"2026-03-08T14:09:32","date_gmt":"2026-03-08T13:09:32","guid":{"rendered":"https:\/\/grevy.art\/?post_type=product&#038;p=8159"},"modified":"2026-03-08T14:13:01","modified_gmt":"2026-03-08T13:13:01","slug":"america-2","status":"publish","type":"product","link":"https:\/\/grevy.art\/en\/kunstwerke\/painting\/america-2\/","title":{"rendered":"America 2"},"content":{"rendered":"<p>Ein kraftvolles, vertikal angelegtes Werk voller Dynamik und Kontraste. Leuchtende Rot-,<br \/>\nGelb- und Violettt\u00f6ne durchbrechen einen k\u00fchlen, urban wirkenden Hintergrund aus Blauund<br \/>\nGrauschichten. Expressive Pinselz\u00fcge, Spuren und \u00dcberlagerungen erzeugen<br \/>\nBewegung und Spannung \u2013 wie ein visuelles Echo von Energie, Freiheit und Aufbruch.<br \/>\n\u201eAmerika\u201c steht f\u00fcr Intensit\u00e4t und Vielschichtigkeit, f\u00fcr Reibung und Vision zugleich.<\/p>\n","protected":false},"excerpt":{"rendered":"<p>&nbsp;<\/p>\n<p>2021, Acryl auf Leinwand<br \/>\n50 x 150 cm, unikat<\/p>\n","protected":false},"featured_media":8157,"comment_status":"open","ping_status":"closed","template":"","meta":{"_acf_changed":false},"ausgestaltungen":[73],"farbigkeit":[191],"material":[212,217],"motiv":[173],"product_brand":[],"product_cat":[18],"product_tag":[634],"class_list":{"0":"post-8159","1":"product","2":"type-product","3":"status-publish","4":"has-post-thumbnail","6":"ausgestaltungen-unikat","7":"farbigkeit-farbig","8":"material-acryl","9":"material-leinwand","10":"motiv-abstrakt","11":"product_cat-malerei","12":"product_tag-wir","14":"first","15":"instock","16":"sold-individually","17":"taxable","18":"shipping-taxable","19":"purchasable","20":"product-type-simple"},"acf":[],"aioseo_notices":[],"_links":{"self":[{"href":"https:\/\/grevy.art\/en\/wp-json\/wp\/v2\/product\/8159","targetHints":{"allow":["GET"]}}],"collection":[{"href":"https:\/\/grevy.art\/en\/wp-json\/wp\/v2\/product"}],"about":[{"href":"https:\/\/grevy.art\/en\/wp-json\/wp\/v2\/types\/product"}],"replies":[{"embeddable":true,"href":"https:\/\/grevy.art\/en\/wp-json\/wp\/v2\/comments?post=8159"}],"wp:featuredmedia":[{"embeddable":true,"href":"https:\/\/grevy.art\/en\/wp-json\/wp\/v2\/media\/8157"}],"wp:attachment":[{"href":"https:\/\/grevy.art\/en\/wp-json\/wp\/v2\/media?parent=8159"}],"wp:term":[{"taxonomy":"ausgestaltungen","embeddable":true,"href":"https:\/\/grevy.art\/en\/wp-json\/wp\/v2\/ausgestaltungen?post=8159"},{"taxonomy":"farbigkeit","embeddable":true,"href":"https:\/\/grevy.art\/en\/wp-json\/wp\/v2\/farbigkeit?post=8159"},{"taxonomy":"material","embeddable":true,"href":"https:\/\/grevy.art\/en\/wp-json\/wp\/v2\/material?post=8159"},{"taxonomy":"motiv","embeddable":true,"href":"https:\/\/grevy.art\/en\/wp-json\/wp\/v2\/motiv?post=8159"},{"taxonomy":"product_brand","embeddable":true,"href":"https:\/\/grevy.art\/en\/wp-json\/wp\/v2\/product_brand?post=8159"},{"taxonomy":"product_cat","embeddable":true,"href":"https:\/\/grevy.art\/en\/wp-json\/wp\/v2\/product_cat?post=8159"},{"taxonomy":"product_tag","embeddable":true,"href":"https:\/\/grevy.art\/en\/wp-json\/wp\/v2\/product_tag?post=8159"}],"curies":[{"name":"wp","href":"https:\/\/api.w.org\/{rel}","templated":true}]}}