{"id":8565,"date":"2026-03-15T12:08:46","date_gmt":"2026-03-15T11:08:46","guid":{"rendered":"https:\/\/grevy.art\/?post_type=product&#038;p=8565"},"modified":"2026-03-29T13:12:24","modified_gmt":"2026-03-29T11:12:24","slug":"sterntaler-in-strange-paradise-2026","status":"publish","type":"product","link":"https:\/\/grevy.art\/en\/kunstwerke\/painting\/sterntaler-in-strange-paradise-2026\/","title":{"rendered":"Sterntaler in strange paradise (2026)"},"content":{"rendered":"<p>Zwischen \u00e4u\u00dferer Beeinflussung &#8211; fast schon Kontrolle &#8211; und innerer Autonomie hebt Sterntaler selbstbewu\u00dft und stolz den Blick nach oben. Die Haltung sagt &#8220;frei&#8221;, die Umgebung sagt &#8220;gebunden&#8221;, St\u00e4rke und Verletzlichkeit stehen nebeneinander; in dieser Spannung findet Sterntaler eine ganz eigene Welt, das pers\u00f6nliche &#8220;strange paradise&#8221;.<\/p>\n","protected":false},"excerpt":{"rendered":"<p>Acryl und Wachs auf Holzwerkstoff<\/p>\n","protected":false},"featured_media":8576,"comment_status":"open","ping_status":"closed","template":"","meta":{"_acf_changed":false},"ausgestaltungen":[73],"farbigkeit":[388,61,573,62,65,66],"material":[212,219,230],"motiv":[338,174,179],"product_brand":[],"product_cat":[18],"product_tag":[133,662,663,374,229],"class_list":{"0":"post-8565","1":"product","2":"type-product","3":"status-publish","4":"has-post-thumbnail","6":"ausgestaltungen-unikat","7":"farbigkeit-blautuerkis","8":"farbigkeit-orange","9":"farbigkeit-rost","10":"farbigkeit-rot","11":"farbigkeit-schwarz","12":"farbigkeit-weiss","13":"material-acryl","14":"material-holz","15":"material-wachs","16":"motiv-farbflaechen","17":"motiv-figurativ","18":"motiv-mensch","19":"product_cat-malerei","20":"product_tag-acrylmalerei","21":"product_tag-daf-2026-cgn","22":"product_tag-maerchen","23":"product_tag-portrait","24":"product_tag-storytelling","26":"first","27":"instock","28":"sold-individually","29":"shipping-taxable","30":"purchasable","31":"product-type-simple"},"acf":[],"aioseo_notices":[],"_links":{"self":[{"href":"https:\/\/grevy.art\/en\/wp-json\/wp\/v2\/product\/8565","targetHints":{"allow":["GET"]}}],"collection":[{"href":"https:\/\/grevy.art\/en\/wp-json\/wp\/v2\/product"}],"about":[{"href":"https:\/\/grevy.art\/en\/wp-json\/wp\/v2\/types\/product"}],"replies":[{"embeddable":true,"href":"https:\/\/grevy.art\/en\/wp-json\/wp\/v2\/comments?post=8565"}],"wp:featuredmedia":[{"embeddable":true,"href":"https:\/\/grevy.art\/en\/wp-json\/wp\/v2\/media\/8576"}],"wp:attachment":[{"href":"https:\/\/grevy.art\/en\/wp-json\/wp\/v2\/media?parent=8565"}],"wp:term":[{"taxonomy":"ausgestaltungen","embeddable":true,"href":"https:\/\/grevy.art\/en\/wp-json\/wp\/v2\/ausgestaltungen?post=8565"},{"taxonomy":"farbigkeit","embeddable":true,"href":"https:\/\/grevy.art\/en\/wp-json\/wp\/v2\/farbigkeit?post=8565"},{"taxonomy":"material","embeddable":true,"href":"https:\/\/grevy.art\/en\/wp-json\/wp\/v2\/material?post=8565"},{"taxonomy":"motiv","embeddable":true,"href":"https:\/\/grevy.art\/en\/wp-json\/wp\/v2\/motiv?post=8565"},{"taxonomy":"product_brand","embeddable":true,"href":"https:\/\/grevy.art\/en\/wp-json\/wp\/v2\/product_brand?post=8565"},{"taxonomy":"product_cat","embeddable":true,"href":"https:\/\/grevy.art\/en\/wp-json\/wp\/v2\/product_cat?post=8565"},{"taxonomy":"product_tag","embeddable":true,"href":"https:\/\/grevy.art\/en\/wp-json\/wp\/v2\/product_tag?post=8565"}],"curies":[{"name":"wp","href":"https:\/\/api.w.org\/{rel}","templated":true}]}}