{"id":8606,"date":"2026-03-19T16:09:32","date_gmt":"2026-03-19T15:09:32","guid":{"rendered":"https:\/\/grevy.art\/?post_type=product&#038;p=8606"},"modified":"2026-03-19T16:26:04","modified_gmt":"2026-03-19T15:26:04","slug":"erhaben","status":"publish","type":"product","link":"https:\/\/grevy.art\/en\/kunstwerke\/mixed-media\/erhaben\/","title":{"rendered":"Erhaben"},"content":{"rendered":"<div><strong>&#8220;Erhaben&#8221;<\/strong> symbolisiert mit der Bettlerfigur, die auf einen k\u00f6niglichem Stuhl steht, die W\u00fcrde dieses Bettlers und die Unantastbarkeit seiner Menschenw\u00fcrde. Erhaben \u00fcber jeden Zweifel, ob Bettler oder K\u00f6nig.<\/div>\n<div>Jeder Mensch tr\u00e4gt in seinem Innerem sein eigenes K\u00f6nigreich und man sollte jeden Menschen so begegnen, wie man selbst begegnet werden m\u00f6chte. Mit Respekt und W\u00fcrde. (Diese Arbeit muss geh\u00e4ngt werden)<\/div>\n","protected":false},"excerpt":{"rendered":"<p>Entstehungsjahr:\u00a02015<br \/>\nGr\u00f6\u00dfe ca. :\u00a0 H 40cm, B 33cm, Tiefe 6cm<\/p>\n","protected":false},"featured_media":8609,"comment_status":"open","ping_status":"closed","template":"","meta":{"_acf_changed":false},"ausgestaltungen":[73],"farbigkeit":[558],"material":[220,605,483],"motiv":[177,176,182],"product_brand":[],"product_cat":[28,32],"product_tag":[665,667,666,634],"class_list":{"0":"post-8606","1":"product","2":"type-product","3":"status-publish","4":"has-post-thumbnail","6":"ausgestaltungen-unikat","7":"farbigkeit-dunkelrot","8":"material-kunststoff","9":"material-messing","10":"material-textil","11":"motiv-gegenstaendlich","12":"motiv-geometrisch","13":"motiv-mann","14":"product_cat-mixedmedia","15":"product_cat-objekte","16":"product_tag-bettler","17":"product_tag-gesellschaftskritisch","18":"product_tag-obdachlos","19":"product_tag-wir","21":"first","22":"instock","23":"sold-individually","24":"taxable","25":"shipping-taxable","26":"purchasable","27":"product-type-simple"},"acf":[],"aioseo_notices":[],"_links":{"self":[{"href":"https:\/\/grevy.art\/en\/wp-json\/wp\/v2\/product\/8606","targetHints":{"allow":["GET"]}}],"collection":[{"href":"https:\/\/grevy.art\/en\/wp-json\/wp\/v2\/product"}],"about":[{"href":"https:\/\/grevy.art\/en\/wp-json\/wp\/v2\/types\/product"}],"replies":[{"embeddable":true,"href":"https:\/\/grevy.art\/en\/wp-json\/wp\/v2\/comments?post=8606"}],"wp:featuredmedia":[{"embeddable":true,"href":"https:\/\/grevy.art\/en\/wp-json\/wp\/v2\/media\/8609"}],"wp:attachment":[{"href":"https:\/\/grevy.art\/en\/wp-json\/wp\/v2\/media?parent=8606"}],"wp:term":[{"taxonomy":"ausgestaltungen","embeddable":true,"href":"https:\/\/grevy.art\/en\/wp-json\/wp\/v2\/ausgestaltungen?post=8606"},{"taxonomy":"farbigkeit","embeddable":true,"href":"https:\/\/grevy.art\/en\/wp-json\/wp\/v2\/farbigkeit?post=8606"},{"taxonomy":"material","embeddable":true,"href":"https:\/\/grevy.art\/en\/wp-json\/wp\/v2\/material?post=8606"},{"taxonomy":"motiv","embeddable":true,"href":"https:\/\/grevy.art\/en\/wp-json\/wp\/v2\/motiv?post=8606"},{"taxonomy":"product_brand","embeddable":true,"href":"https:\/\/grevy.art\/en\/wp-json\/wp\/v2\/product_brand?post=8606"},{"taxonomy":"product_cat","embeddable":true,"href":"https:\/\/grevy.art\/en\/wp-json\/wp\/v2\/product_cat?post=8606"},{"taxonomy":"product_tag","embeddable":true,"href":"https:\/\/grevy.art\/en\/wp-json\/wp\/v2\/product_tag?post=8606"}],"curies":[{"name":"wp","href":"https:\/\/api.w.org\/{rel}","templated":true}]}}