{"id":9038,"date":"2026-03-30T17:38:01","date_gmt":"2026-03-30T15:38:01","guid":{"rendered":"https:\/\/grevy.art\/?post_type=product&#038;p=9038"},"modified":"2026-03-30T17:53:20","modified_gmt":"2026-03-30T15:53:20","slug":"flasche-rosa","status":"publish","type":"product","link":"https:\/\/grevy.art\/en\/kunstwerke\/painting\/flasche-rosa\/","title":{"rendered":"Flasche, rosa"},"content":{"rendered":"<p>\u00d6l\/Leinwand, 20 x 50 cm, 2026<\/p>\n","protected":false},"excerpt":{"rendered":"<p>\u00d6l\/Leinwand, 20 x 50 cm, 2026<\/p>\n","protected":false},"featured_media":9041,"comment_status":"open","ping_status":"closed","template":"","meta":{"_acf_changed":false},"ausgestaltungen":[74,73],"farbigkeit":[129],"material":[217,211],"motiv":[174,177,187],"product_brand":[],"product_cat":[18],"product_tag":[361,303,302,443],"class_list":{"0":"post-9038","1":"product","2":"type-product","3":"status-publish","4":"has-post-thumbnail","6":"ausgestaltungen-original","7":"ausgestaltungen-unikat","8":"farbigkeit-rosa","9":"material-leinwand","10":"material-oelfarbe","11":"motiv-figurativ","12":"motiv-gegenstaendlich","13":"motiv-stillleben","14":"product_cat-malerei","15":"product_tag-flasche","16":"product_tag-leinwand","17":"product_tag-oel","18":"product_tag-stillleben","20":"first","21":"instock","22":"sold-individually","23":"purchasable","24":"product-type-simple"},"acf":[],"aioseo_notices":[{"message":"Der Permalink f\u00fcr diesen Beitrag hat sich gerade ge\u00e4ndert! Das kann zu 404-Fehlern f\u00fcr deine Besucher f\u00fchren.","status":"warning","options":{"id":"6a74a5f9215fb674d5369f9f4eed495b","isDismissible":true,"actions":[{"url":"https:\/\/grevy.art\/wp-admin\/admin.php?page=aioseo-redirects","label":"Weiterleitung hinzuf\u00fcgen, um SEO zu verbessern","class":"aioseo-redirects-slug-changed"}]},"allowedContexts":["posts"]}],"_links":{"self":[{"href":"https:\/\/grevy.art\/en\/wp-json\/wp\/v2\/product\/9038","targetHints":{"allow":["GET"]}}],"collection":[{"href":"https:\/\/grevy.art\/en\/wp-json\/wp\/v2\/product"}],"about":[{"href":"https:\/\/grevy.art\/en\/wp-json\/wp\/v2\/types\/product"}],"replies":[{"embeddable":true,"href":"https:\/\/grevy.art\/en\/wp-json\/wp\/v2\/comments?post=9038"}],"wp:featuredmedia":[{"embeddable":true,"href":"https:\/\/grevy.art\/en\/wp-json\/wp\/v2\/media\/9041"}],"wp:attachment":[{"href":"https:\/\/grevy.art\/en\/wp-json\/wp\/v2\/media?parent=9038"}],"wp:term":[{"taxonomy":"ausgestaltungen","embeddable":true,"href":"https:\/\/grevy.art\/en\/wp-json\/wp\/v2\/ausgestaltungen?post=9038"},{"taxonomy":"farbigkeit","embeddable":true,"href":"https:\/\/grevy.art\/en\/wp-json\/wp\/v2\/farbigkeit?post=9038"},{"taxonomy":"material","embeddable":true,"href":"https:\/\/grevy.art\/en\/wp-json\/wp\/v2\/material?post=9038"},{"taxonomy":"motiv","embeddable":true,"href":"https:\/\/grevy.art\/en\/wp-json\/wp\/v2\/motiv?post=9038"},{"taxonomy":"product_brand","embeddable":true,"href":"https:\/\/grevy.art\/en\/wp-json\/wp\/v2\/product_brand?post=9038"},{"taxonomy":"product_cat","embeddable":true,"href":"https:\/\/grevy.art\/en\/wp-json\/wp\/v2\/product_cat?post=9038"},{"taxonomy":"product_tag","embeddable":true,"href":"https:\/\/grevy.art\/en\/wp-json\/wp\/v2\/product_tag?post=9038"}],"curies":[{"name":"wp","href":"https:\/\/api.w.org\/{rel}","templated":true}]}}