{"id":9197,"date":"2026-04-07T15:37:28","date_gmt":"2026-04-07T13:37:28","guid":{"rendered":"https:\/\/grevy.art\/?post_type=product&#038;p=9197"},"modified":"2026-04-07T15:41:19","modified_gmt":"2026-04-07T13:41:19","slug":"pinkfish","status":"publish","type":"product","link":"https:\/\/grevy.art\/en\/kunstwerke\/without\/pinkfish\/","title":{"rendered":"Pinkfish"},"content":{"rendered":"<p>Dieses ausdrucksstarke Gem\u00e4lde verbindet figurative Klarheit mit der Energie zeitgen\u00f6ssischer Malerei. Drei dynamisch angeordnete Fische durchbrechen eine vielschichtig strukturierte Farbfl\u00e4che in leuchtenden Pink-, T\u00fcrkis- und Akzentt\u00f6nen. Der gespachtelte Farbauftrag und die bewusst rohe Textur verleihen dem Werk Tiefe und Bewegung, w\u00e4hrend die markanten Kontraste einen starken visuellen Fokus schaffen.<\/p>\n<p>Als modernes Statement-Piece bringt das Bild Lebendigkeit, Farbe und einen Hauch urbaner \u00c4sthetik in jeden Raum \u2013 ideal f\u00fcr zeitgem\u00e4\u00dfe Interieurs mit klarer Formensprache.<\/p>\n","protected":false},"excerpt":{"rendered":"<p>Leinen auf Keilrahmen.<br \/>\nOriginal-Gem\u00e4lde mit hochwertigen Lascaux Farben und Schutzfirnis. Spachteltechnik<\/p>\n","protected":false},"featured_media":9013,"comment_status":"open","ping_status":"closed","template":"","meta":{"_acf_changed":false},"ausgestaltungen":[74,73],"farbigkeit":[388,572,129,385],"material":[212],"motiv":[185,178],"product_brand":[],"product_cat":[16],"product_tag":[],"class_list":{"0":"post-9197","1":"product","2":"type-product","3":"status-publish","4":"has-post-thumbnail","6":"ausgestaltungen-original","7":"ausgestaltungen-unikat","8":"farbigkeit-blautuerkis","9":"farbigkeit-pink","10":"farbigkeit-rosa","11":"farbigkeit-rose","12":"material-acryl","13":"motiv-meer","14":"motiv-natur-und-tiere","15":"product_cat-ohne","17":"first","18":"instock","19":"purchasable","20":"product-type-simple"},"acf":[],"aioseo_notices":[],"_links":{"self":[{"href":"https:\/\/grevy.art\/en\/wp-json\/wp\/v2\/product\/9197","targetHints":{"allow":["GET"]}}],"collection":[{"href":"https:\/\/grevy.art\/en\/wp-json\/wp\/v2\/product"}],"about":[{"href":"https:\/\/grevy.art\/en\/wp-json\/wp\/v2\/types\/product"}],"replies":[{"embeddable":true,"href":"https:\/\/grevy.art\/en\/wp-json\/wp\/v2\/comments?post=9197"}],"wp:featuredmedia":[{"embeddable":true,"href":"https:\/\/grevy.art\/en\/wp-json\/wp\/v2\/media\/9013"}],"wp:attachment":[{"href":"https:\/\/grevy.art\/en\/wp-json\/wp\/v2\/media?parent=9197"}],"wp:term":[{"taxonomy":"ausgestaltungen","embeddable":true,"href":"https:\/\/grevy.art\/en\/wp-json\/wp\/v2\/ausgestaltungen?post=9197"},{"taxonomy":"farbigkeit","embeddable":true,"href":"https:\/\/grevy.art\/en\/wp-json\/wp\/v2\/farbigkeit?post=9197"},{"taxonomy":"material","embeddable":true,"href":"https:\/\/grevy.art\/en\/wp-json\/wp\/v2\/material?post=9197"},{"taxonomy":"motiv","embeddable":true,"href":"https:\/\/grevy.art\/en\/wp-json\/wp\/v2\/motiv?post=9197"},{"taxonomy":"product_brand","embeddable":true,"href":"https:\/\/grevy.art\/en\/wp-json\/wp\/v2\/product_brand?post=9197"},{"taxonomy":"product_cat","embeddable":true,"href":"https:\/\/grevy.art\/en\/wp-json\/wp\/v2\/product_cat?post=9197"},{"taxonomy":"product_tag","embeddable":true,"href":"https:\/\/grevy.art\/en\/wp-json\/wp\/v2\/product_tag?post=9197"}],"curies":[{"name":"wp","href":"https:\/\/api.w.org\/{rel}","templated":true}]}}