{"id":9198,"date":"2026-04-07T15:49:37","date_gmt":"2026-04-07T13:49:37","guid":{"rendered":"https:\/\/grevy.art\/?post_type=product&#038;p=9198"},"modified":"2026-04-07T15:53:05","modified_gmt":"2026-04-07T13:53:05","slug":"rosenfraeulein","status":"publish","type":"product","link":"https:\/\/grevy.art\/en\/kunstwerke\/mixed-media\/rosenfraeulein\/","title":{"rendered":"Rosenfr\u00e4ulein"},"content":{"rendered":"<p>Mit dem Gem\u00e4lde \u201eRosenfr\u00e4ulein\u201c\u00a0 stelle ich eine Frau dar, deren Haarpracht aus leuchtenden Rosen besteht \u2013 <strong>ein Sinnbild f\u00fcr die Verbindung von Weiblichkeit und Natur<\/strong>. Die geschlossenen Augen und der entspannte Ausdruck soll Ruhe, Sinnlichkeit und Selbstversunkenheit ausdr\u00fccken.<br \/>\nIch denke Blumen und Frauen verk\u00f6rpern die Sch\u00f6nheit der Natur , welche ich in diesem Werk miteinander verschmolzen habe.<\/p>\n<p><strong>Geschenktipp<\/strong>:\u00a0 Das Gem\u00e4lde k\u00f6nnt ihr wie ein Strau\u00df Rosen an einen Lieblingsmenschen verschenken ;o)<\/p>\n","protected":false},"excerpt":{"rendered":"<p>Blumen im Kopf<\/p>\n","protected":false},"featured_media":5525,"comment_status":"open","ping_status":"closed","template":"","meta":{"_acf_changed":false},"ausgestaltungen":[74,73],"farbigkeit":[572,129,385,559],"material":[212],"motiv":[179,178],"product_brand":[],"product_cat":[28],"product_tag":[],"class_list":{"0":"post-9198","1":"product","2":"type-product","3":"status-publish","4":"has-post-thumbnail","6":"ausgestaltungen-original","7":"ausgestaltungen-unikat","8":"farbigkeit-pink","9":"farbigkeit-rosa","10":"farbigkeit-rose","11":"farbigkeit-rot-farbig","12":"material-acryl","13":"motiv-mensch","14":"motiv-natur-und-tiere","15":"product_cat-mixedmedia","17":"first","18":"instock","19":"purchasable","20":"product-type-simple"},"acf":[],"aioseo_notices":[],"_links":{"self":[{"href":"https:\/\/grevy.art\/en\/wp-json\/wp\/v2\/product\/9198","targetHints":{"allow":["GET"]}}],"collection":[{"href":"https:\/\/grevy.art\/en\/wp-json\/wp\/v2\/product"}],"about":[{"href":"https:\/\/grevy.art\/en\/wp-json\/wp\/v2\/types\/product"}],"replies":[{"embeddable":true,"href":"https:\/\/grevy.art\/en\/wp-json\/wp\/v2\/comments?post=9198"}],"wp:featuredmedia":[{"embeddable":true,"href":"https:\/\/grevy.art\/en\/wp-json\/wp\/v2\/media\/5525"}],"wp:attachment":[{"href":"https:\/\/grevy.art\/en\/wp-json\/wp\/v2\/media?parent=9198"}],"wp:term":[{"taxonomy":"ausgestaltungen","embeddable":true,"href":"https:\/\/grevy.art\/en\/wp-json\/wp\/v2\/ausgestaltungen?post=9198"},{"taxonomy":"farbigkeit","embeddable":true,"href":"https:\/\/grevy.art\/en\/wp-json\/wp\/v2\/farbigkeit?post=9198"},{"taxonomy":"material","embeddable":true,"href":"https:\/\/grevy.art\/en\/wp-json\/wp\/v2\/material?post=9198"},{"taxonomy":"motiv","embeddable":true,"href":"https:\/\/grevy.art\/en\/wp-json\/wp\/v2\/motiv?post=9198"},{"taxonomy":"product_brand","embeddable":true,"href":"https:\/\/grevy.art\/en\/wp-json\/wp\/v2\/product_brand?post=9198"},{"taxonomy":"product_cat","embeddable":true,"href":"https:\/\/grevy.art\/en\/wp-json\/wp\/v2\/product_cat?post=9198"},{"taxonomy":"product_tag","embeddable":true,"href":"https:\/\/grevy.art\/en\/wp-json\/wp\/v2\/product_tag?post=9198"}],"curies":[{"name":"wp","href":"https:\/\/api.w.org\/{rel}","templated":true}]}}